{"id":968,"date":"2016-10-07T11:36:43","date_gmt":"2016-10-07T11:36:43","guid":{"rendered":"http:\/\/dentalia.orionthemes.com\/demo-1\/?page_id=968"},"modified":"2023-06-15T13:03:09","modified_gmt":"2023-06-15T13:03:09","slug":"services","status":"publish","type":"page","link":"https:\/\/dentalspectrum.ro\/ro\/services\/","title":{"rendered":"Servicii"},"content":{"rendered":"<div id=\"pl-968\"  class=\"panel-layout\" ><div id=\"pg-968-0\"  class=\"panel-grid panel-has-style\" ><div class=\"fixed-bg siteorigin-panels-stretch orion-separator bottom-svg-1 bottom-svg-inside divider-notresponsive divider-no-animation tablet-1-in-row mobile-1-in-row desktop-default text-light overlay-c3-t custom panel-row-style panel-row-style-for-968-0\" data-stretch-type=\"full\" data-svg-bottom-color=\"#f8f8f8\" data-svg-top-color=\"#f8f8f8\" ><div id=\"pgc-968-0-0\"  class=\"panel-grid-cell panel-grid-cell-mobile-last\" ><div id=\"panel-968-0-0-0\" class=\"so-panel widget widget_orion_heading_w panel-first-child\" data-index=\"0\" ><div class=\"orion mobile-text-center tablets-text-center default panel-widget-style panel-widget-style-for-968-0-0-0\" ><div\n\t\t\t\n\t\t\tclass=\"so-widget-orion_heading_w so-widget-orion_heading_w-base\"\n\t\t\t\n\t\t> \r\n\t\t\t<div class=\"row orion-heading\" style=\"margin-bottom:0px;\">\r\n\t\t<div class=\"col-md-12   text-left style-h6 style-text-light\">\r\n\t\t\t<h6 class=\"text-light\">\r\n\t\t\t\tTREAT YOURSELF TO\t\t\t<\/h6>\r\n\t\t<\/div>\r\n\t<\/div>\r\n\r\n\t<\/div><\/div><\/div><div id=\"panel-968-0-0-1\" class=\"so-panel widget widget_orion_heading_w\" data-index=\"1\" ><div class=\"orion mobile-text-center tablets-text-center default panel-widget-style panel-widget-style-for-968-0-0-1\" ><div\n\t\t\t\n\t\t\tclass=\"so-widget-orion_heading_w so-widget-orion_heading_w-base\"\n\t\t\t\n\t\t> \r\n\t\t\t<div class=\"row orion-heading\" style=\"margin-bottom:0px;\">\r\n\t\t<div class=\"col-md-12  separator-style-2 text-left style-h1 style-text-light\">\r\n\t\t\t<h1 class=\"text-light\">\r\n\t\t\t\tServicii stomatologice complete\t\t\t<\/h1>\r\n\t\t<\/div>\r\n\t<\/div>\r\n\r\n\t<\/div><\/div><\/div><div id=\"panel-968-0-0-2\" class=\"so-panel widget widget_sow-editor\" data-index=\"2\" ><div class=\"orion custom mobile-text-center tablets-text-center text-light panel-widget-style panel-widget-style-for-968-0-0-2\" ><div\n\t\t\t\n\t\t\tclass=\"so-widget-sow-editor so-widget-sow-editor-base\"\n\t\t\t\n\t\t>\n<div class=\"siteorigin-widget-tinymce textwidget\">\n\t<p class=\"lead\">La Dental Spectrum, ne m\u00e2ndrim s\u0103 oferim o gam\u0103 larg\u0103 de servicii stomatologice pentru a satisface nevoile diverse ale pacien\u021bilor no\u0219tri. Echipa noastr\u0103 de \u00eenalt\u0103 calificare format\u0103 din stomatologi, igieni\u0219ti \u0219i speciali\u0219ti cu experien\u021b\u0103 este dedicat\u0103 s\u0103 ofere \u00eengrijire oral\u0103 excep\u021bional\u0103 cu o abordare personalizat\u0103. De la controale \u0219i cur\u0103\u021b\u0103ri de rutin\u0103 p\u00e2n\u0103 la tratamente avansate, cum ar fi implanturile dentare \u0219i ortodon\u021bia, utiliz\u0103m cele mai noi tehnologii \u0219i tehnici pentru a oferi rezultate remarcabile.<\/p>\n<\/div>\n<\/div><\/div><\/div><div id=\"panel-968-0-0-3\" class=\"so-panel widget widget_orion_empty_space_w panel-last-child\" data-index=\"3\" ><div class=\"orion default panel-widget-style panel-widget-style-for-968-0-0-3\" ><div\n\t\t\t\n\t\t\tclass=\"so-widget-orion_empty_space_w so-widget-orion_empty_space_w-base\"\n\t\t\t\n\t\t>\t<div class=\"row empty-space visible-sm visible-xs\" style=\"height:36px;\">\r\n\t<\/div><\/div><\/div><\/div><\/div><div id=\"pgc-968-0-1\"  class=\"panel-grid-cell panel-grid-cell-empty\" ><\/div><\/div><\/div><div id=\"pg-968-1\"  class=\"panel-grid panel-has-style\" ><div class=\"siteorigin-panels-stretch divider-no-animation tablet-default mobile-1-in-row desktop-default custom panel-row-style panel-row-style-for-968-1\" data-stretch-type=\"full\" ><div id=\"pgc-968-1-0\"  class=\"panel-grid-cell\" ><div id=\"panel-968-1-0-0\" class=\"so-panel widget widget_orion_icon_text_w panel-first-child panel-last-child\" data-index=\"4\" ><div class=\"orion default panel-widget-style panel-widget-style-for-968-1-0-0\" ><div\n\t\t\t\n\t\t\tclass=\"so-widget-orion_icon_text_w so-widget-orion_icon_text_w-base\"\n\t\t\t\n\t\t>\r\n<div class=\"row icon-box-items-wrap grid icon-top\">\r\n \r\n\t\r\n\t\t\r\n\t\t\r\n\t\t\t\t\r\n\t\t\r\n\t\t<div class=\"icon-box-wrap clearfix col-lg-3 col-sm-6 text-dark\" style=\"margin-bottom:60px;\">\t\t\r\n\r\n\t\t\t\t\t\t\t\t\t\t<div class=\"icon-wrap relative circle\">\r\n\t\t\t\t\t<span class=\"sow-icon-dentalicons\" data-sow-icon=\"&#xe806;\"\n\t\tstyle=\"color: #00bcd4; background-color: #ffffff\" \n\t\taria-hidden=\"true\"><\/span>\t\t\t\t\t\t\t\t\t<\/div>\r\n\t\t\t\r\n\t\t\t<h4 class=\"item-title h6\">Tooth Pain<\/h4>\t\t\t\r\n\r\n\t\t\t\t\t\t<span class=\"description\">Tooth pain can be caused by various problems.  Oral examination can help determine the cause.<\/span>\r\n\t\t\t\r\n\t\t<\/div>\r\n\t\r\n\t\t\r\n\t\t\r\n\t\t\t\t\r\n\t\t\r\n\t\t<div class=\"icon-box-wrap clearfix col-lg-3 col-sm-6 text-dark\" style=\"margin-bottom:60px;\">\t\t\r\n\r\n\t\t\t\t\t\t\t\t\t\t<div class=\"icon-wrap relative circle\">\r\n\t\t\t\t\t<span class=\"sow-icon-dentalicons\" data-sow-icon=\"&#xe800;\"\n\t\tstyle=\"color: #00bcd4; background-color: #ffffff\" \n\t\taria-hidden=\"true\"><\/span>\t\t\t\t\t\t\t\t\t<\/div>\r\n\t\t\t\r\n\t\t\t<h4 class=\"item-title h6\">Dental Anxiety<\/h4>\t\t\t\r\n\r\n\t\t\t\t\t\t<span class=\"description\">We offer a wide range of services to help you overcome your fear and finally enjoy good oral health.<\/span>\r\n\t\t\t\r\n\t\t<\/div>\r\n\t\r\n\t\t\r\n\t\t\r\n\t\t\t\t\r\n\t\t\r\n\t\t<div class=\"icon-box-wrap clearfix col-lg-3 col-sm-6 text-dark\" style=\"margin-bottom:60px;\">\t\t\r\n\r\n\t\t\t\t\t\t\t\t\t\t<div class=\"icon-wrap relative circle\">\r\n\t\t\t\t\t<span class=\"sow-icon-dentalicons\" data-sow-icon=\"&#xe814;\"\n\t\tstyle=\"color: #00bcd4; background-color: #ffffff\" \n\t\taria-hidden=\"true\"><\/span>\t\t\t\t\t\t\t\t\t<\/div>\r\n\t\t\t\r\n\t\t\t<h4 class=\"item-title h6\">Broken or Chipped Tooth<\/h4>\t\t\t\r\n\r\n\t\t\t\t\t\t<span class=\"description\">Chipped teeth can be treated either by cosmetic bonding or porcelain restoration.<\/span>\r\n\t\t\t\r\n\t\t<\/div>\r\n\t\r\n\t\t\r\n\t\t\r\n\t\t\t\t\r\n\t\t\r\n\t\t<div class=\"icon-box-wrap clearfix col-lg-3 col-sm-6 text-dark\" style=\"margin-bottom:60px;\">\t\t\r\n\r\n\t\t\t\t\t\t\t\t\t\t<div class=\"icon-wrap relative circle\">\r\n\t\t\t\t\t<span class=\"sow-icon-dentalicons\" data-sow-icon=\"&#xe805;\"\n\t\tstyle=\"color: #00bcd4; background-color: #ffffff\" \n\t\taria-hidden=\"true\"><\/span>\t\t\t\t\t\t\t\t\t<\/div>\r\n\t\t\t\r\n\t\t\t<h4 class=\"item-title h6\">Periodontal Disease<\/h4>\t\t\t\r\n\r\n\t\t\t\t\t\t<span class=\"description\">We offer a variety of periodontal treatments, customized for your specific health needs.<\/span>\r\n\t\t\t\r\n\t\t<\/div>\r\n\t\r\n\t\t\r\n\t\t\r\n\t\t\t\t\r\n\t\t\r\n\t\t<div class=\"icon-box-wrap clearfix col-lg-3 col-sm-6 text-dark\" style=\"margin-bottom:60px;\">\t\t\r\n\r\n\t\t\t\t\t\t\t\t\t\t<div class=\"icon-wrap relative circle\">\r\n\t\t\t\t\t<span class=\"sow-icon-dentalicons\" data-sow-icon=\"&#xe809;\"\n\t\tstyle=\"color: #00bcd4; background-color: #ffffff\" \n\t\taria-hidden=\"true\"><\/span>\t\t\t\t\t\t\t\t\t<\/div>\r\n\t\t\t\r\n\t\t\t<h4 class=\"item-title h6\">Uneven Teeth<\/h4>\t\t\t\r\n\r\n\t\t\t\t\t\t<span class=\"description\">We offer a state of the art solution of straightening your teeth through invisible dental braces.<\/span>\r\n\t\t\t\r\n\t\t<\/div>\r\n\t\r\n\t\t\r\n\t\t\r\n\t\t\t\t\r\n\t\t\r\n\t\t<div class=\"icon-box-wrap clearfix col-lg-3 col-sm-6 text-dark\" style=\"margin-bottom:60px;\">\t\t\r\n\r\n\t\t\t\t\t\t\t\t\t\t<div class=\"icon-wrap relative circle\">\r\n\t\t\t\t\t<span class=\"sow-icon-dentalicons\" data-sow-icon=\"&#xe817;\"\n\t\tstyle=\"color: #00bcd4; background-color: #ffffff\" \n\t\taria-hidden=\"true\"><\/span>\t\t\t\t\t\t\t\t\t<\/div>\r\n\t\t\t\r\n\t\t\t<h4 class=\"item-title h6\">Cavities &amp; Decay<\/h4>\t\t\t\r\n\r\n\t\t\t\t\t\t<span class=\"description\">We use modern technology to detect decay in the earliest stages, saving and preserving your teeth. <\/span>\r\n\t\t\t\r\n\t\t<\/div>\r\n\t\r\n\t\t\r\n\t\t\r\n\t\t\t\t\r\n\t\t\r\n\t\t<div class=\"icon-box-wrap clearfix col-lg-3 col-sm-6 text-dark\" style=\"margin-bottom:60px;\">\t\t\r\n\r\n\t\t\t\t\t\t\t\t\t\t<div class=\"icon-wrap relative circle\">\r\n\t\t\t\t\t<span class=\"sow-icon-dentalicons\" data-sow-icon=\"&#xe815;\"\n\t\tstyle=\"color: #00bcd4; background-color: #ffffff\" \n\t\taria-hidden=\"true\"><\/span>\t\t\t\t\t\t\t\t\t<\/div>\r\n\t\t\t\r\n\t\t\t<h4 class=\"item-title h6\">Tooth Stains<\/h4>\t\t\t\r\n\r\n\t\t\t\t\t\t<span class=\"description\">We offer a couple of whitening procedures to brighten your teeth and return the smile to your face.<\/span>\r\n\t\t\t\r\n\t\t<\/div>\r\n\t\r\n\t\t\r\n\t\t\r\n\t\t\t\t\r\n\t\t\r\n\t\t<div class=\"icon-box-wrap clearfix col-lg-3 col-sm-6 text-dark\" style=\"margin-bottom:60px;\">\t\t\r\n\r\n\t\t\t\t\t\t\t\t\t\t<div class=\"icon-wrap relative circle\">\r\n\t\t\t\t\t<span class=\"sow-icon-dentalicons\" data-sow-icon=\"&#xe808;\"\n\t\tstyle=\"color: #00bcd4; background-color: #ffffff\" \n\t\taria-hidden=\"true\"><\/span>\t\t\t\t\t\t\t\t\t<\/div>\r\n\t\t\t\r\n\t\t\t<h4 class=\"item-title h6\">Missing Teeth<\/h4>\t\t\t\r\n\r\n\t\t\t\t\t\t<span class=\"description\">We can restore your smile, as well as speaking &amp; eating ability with advanced prosthetics.<\/span>\r\n\t\t\t\r\n\t\t<\/div>\r\n\t\r\n<\/div><\/div><\/div><\/div><\/div><\/div><\/div><\/div>","protected":false},"excerpt":{"rendered":"<p>At Dental Spectrum, we pride ourselves on offering a wide range of dental services to meet the diverse needs of our patients. Our highly skilled team of experienced dentists, hygienists, and specialists is dedicated to providing exceptional oral health care with a personalized approach. From routine check-ups and cleanings to advanced treatments like dental implants<\/p>","protected":false},"author":1,"featured_media":0,"parent":0,"menu_order":0,"comment_status":"closed","ping_status":"closed","template":"","meta":{"footnotes":""},"class_list":["post-968","page","type-page","status-publish","hentry"],"_links":{"self":[{"href":"https:\/\/dentalspectrum.ro\/ro\/wp-json\/wp\/v2\/pages\/968","targetHints":{"allow":["GET"]}}],"collection":[{"href":"https:\/\/dentalspectrum.ro\/ro\/wp-json\/wp\/v2\/pages"}],"about":[{"href":"https:\/\/dentalspectrum.ro\/ro\/wp-json\/wp\/v2\/types\/page"}],"author":[{"embeddable":true,"href":"https:\/\/dentalspectrum.ro\/ro\/wp-json\/wp\/v2\/users\/1"}],"replies":[{"embeddable":true,"href":"https:\/\/dentalspectrum.ro\/ro\/wp-json\/wp\/v2\/comments?post=968"}],"version-history":[{"count":21,"href":"https:\/\/dentalspectrum.ro\/ro\/wp-json\/wp\/v2\/pages\/968\/revisions"}],"predecessor-version":[{"id":3087,"href":"https:\/\/dentalspectrum.ro\/ro\/wp-json\/wp\/v2\/pages\/968\/revisions\/3087"}],"wp:attachment":[{"href":"https:\/\/dentalspectrum.ro\/ro\/wp-json\/wp\/v2\/media?parent=968"}],"curies":[{"name":"wp","href":"https:\/\/api.w.org\/{rel}","templated":true}]}}