{"id":2391,"date":"2017-05-23T10:05:48","date_gmt":"2017-05-23T10:05:48","guid":{"rendered":"http:\/\/dentalia.orionthemes.com\/new-demos\/demo-1\/?page_id=2391"},"modified":"2023-06-15T12:38:46","modified_gmt":"2023-06-15T12:38:46","slug":"practice-overview","status":"publish","type":"page","link":"https:\/\/dentalspectrum.ro\/ro\/practice-overview\/","title":{"rendered":"Practice overview"},"content":{"rendered":"<div id=\"pl-2391\"  class=\"panel-layout\" ><div id=\"pg-2391-0\"  class=\"panel-grid panel-has-style\" ><div class=\"fixed-bg siteorigin-panels-stretch divider-no-animation tablet-2-in-row mobile-1-in-row desktop-default overlay-c3-t custom panel-row-style panel-row-style-for-2391-0\" id=\"contact-form\" data-stretch-type=\"full\" ><div id=\"pgc-2391-0-0\"  class=\"panel-grid-cell panel-grid-cell-mobile-last\" ><div class=\"custom panel-cell-style panel-cell-style-for-2391-0-0\" ><div id=\"panel-2391-0-0-0\" class=\"so-panel widget widget_orion_empty_space_w panel-first-child\" data-index=\"0\" ><div class=\"orion custom default panel-widget-style panel-widget-style-for-2391-0-0-0\" ><div\n\t\t\t\n\t\t\tclass=\"so-widget-orion_empty_space_w so-widget-orion_empty_space_w-base\"\n\t\t\t\n\t\t>\t<div class=\"row empty-space visible-lg visible-md visible-sm visible-xs\" style=\"height:60px;\">\r\n\t<\/div><\/div><\/div><\/div><div id=\"panel-2391-0-0-1\" class=\"so-panel widget widget_sow-editor\" data-index=\"1\" ><div class=\"orion custom mobile-text-center text-light panel-widget-style panel-widget-style-for-2391-0-0-1\" ><div\n\t\t\t\n\t\t\tclass=\"so-widget-sow-editor so-widget-sow-editor-base\"\n\t\t\t\n\t\t>\n<div class=\"siteorigin-widget-tinymce textwidget\">\n\t<h1><strong>Stomatologie de ultim\u0103 or\u0103<\/strong><\/h1>\n<p>Oferim servicii complete din toate domeniile stomatologiei. Pe l\u00e2ng\u0103 echipamentele stomatologice de ultim\u0103 genera\u021bie, toate serviciile sunt oferite \u00eentr-un mediu confortabil, de lux.<\/p>\n<\/div>\n<\/div><\/div><\/div><div id=\"panel-2391-0-0-2\" class=\"so-panel widget widget_orion_empty_space_w panel-last-child\" data-index=\"2\" ><div class=\"orion custom default panel-widget-style panel-widget-style-for-2391-0-0-2\" ><div\n\t\t\t\n\t\t\tclass=\"so-widget-orion_empty_space_w so-widget-orion_empty_space_w-base\"\n\t\t\t\n\t\t>\t<div class=\"row empty-space visible-lg visible-md visible-sm visible-xs\" style=\"height:60px;\">\r\n\t<\/div><\/div><\/div><\/div><\/div><\/div><div id=\"pgc-2391-0-1\"  class=\"panel-grid-cell panel-grid-cell-empty\" ><\/div><\/div><\/div><div id=\"pg-2391-1\"  class=\"panel-grid panel-has-style\" ><div class=\"divider-no-animation tablet-default mobile-default desktop-default custom panel-row-style panel-row-style-for-2391-1\" ><div id=\"pgc-2391-1-0\"  class=\"panel-grid-cell\" ><div id=\"panel-2391-1-0-0\" class=\"so-panel widget widget_orion_heading_w panel-first-child\" data-index=\"3\" ><div class=\"orion custom default panel-widget-style panel-widget-style-for-2391-1-0-0\" ><div\n\t\t\t\n\t\t\tclass=\"so-widget-orion_heading_w so-widget-orion_heading_w-base\"\n\t\t\t\n\t\t> \r\n\t\t\t<div class=\"row orion-heading\" style=\"margin-bottom:0px;\">\r\n\t\t<div class=\"col-md-12   text-left style-h2 style-text-default\">\r\n\t\t\t<h2 class=\"text-default\">\r\n\t\t\t\tDe ce sa ne alegeti pe noi\t\t\t<\/h2>\r\n\t\t<\/div>\r\n\t<\/div>\r\n\r\n\t<\/div><\/div><\/div><div id=\"panel-2391-1-0-1\" class=\"so-panel widget widget_text panel-last-child\" data-index=\"4\" ><div class=\"orion custom default panel-widget-style panel-widget-style-for-2391-1-0-1\" >\t\t\t<div class=\"textwidget\"><p>Bine a\u021bi venit la Dental Spectrum, destina\u021bia dvs. principal\u0103 pentru \u00eengrijirea dentar\u0103 complet\u0103.<\/p>\n<p>La Dental Spectrum, ne m\u00e2ndrim s\u0103 oferim o gam\u0103 larg\u0103 de servicii stomatologice pentru a satisface nevoile diverse ale pacien\u021bilor no\u0219tri. Echipa noastr\u0103 de \u00eenalt\u0103 calificare format\u0103 din stomatologi, igieni\u0219ti \u0219i speciali\u0219ti cu experien\u021b\u0103 este dedicat\u0103 s\u0103 ofere \u00eengrijire oral\u0103 excep\u021bional\u0103 cu o abordare personalizat\u0103. De la controale \u0219i cur\u0103\u021b\u0103ri de rutin\u0103 p\u00e2n\u0103 la tratamente avansate, cum ar fi implanturile dentare \u0219i ortodon\u021bia, utiliz\u0103m cele mai noi tehnologii \u0219i tehnici pentru a oferi rezultate remarcabile.<\/p>\n<p>&nbsp;<\/p>\n<p>Mediul nostru cald \u0219i primitor, \u00eempreun\u0103 cu angajamentul nostru fa\u021b\u0103 de confortul pacientului, asigur\u0103 c\u0103 experien\u021ba dumneavoastr\u0103 stomatologic\u0103 la Dental Spectrum este pl\u0103cut\u0103 \u0219i f\u0103r\u0103 stres. Ave\u021bi \u00eencredere \u00een noi pentru a v\u0103 transforma z\u00e2mbetul \u0219i pentru a v\u0103 \u00eembun\u0103t\u0103\u021bi bun\u0103starea general\u0103 dentar\u0103.<\/p>\n<\/div>\n\t\t<\/div><\/div><\/div><\/div><\/div><\/div>","protected":false},"excerpt":{"rendered":"<p>State of the art Dentistry We offer comprehensive services from all fields of dentistry. In addition to high-end dental equipment, all services are provided in a comfortable, luxury environment. New patients are welcomed with a complimentary oral health consultation Welcome to Dental Spectrum, your premier destination for comprehensive dental care. At Dental Spectrum, we pride<\/p>","protected":false},"author":1,"featured_media":0,"parent":0,"menu_order":0,"comment_status":"closed","ping_status":"closed","template":"","meta":{"footnotes":""},"class_list":["post-2391","page","type-page","status-publish","hentry"],"_links":{"self":[{"href":"https:\/\/dentalspectrum.ro\/ro\/wp-json\/wp\/v2\/pages\/2391","targetHints":{"allow":["GET"]}}],"collection":[{"href":"https:\/\/dentalspectrum.ro\/ro\/wp-json\/wp\/v2\/pages"}],"about":[{"href":"https:\/\/dentalspectrum.ro\/ro\/wp-json\/wp\/v2\/types\/page"}],"author":[{"embeddable":true,"href":"https:\/\/dentalspectrum.ro\/ro\/wp-json\/wp\/v2\/users\/1"}],"replies":[{"embeddable":true,"href":"https:\/\/dentalspectrum.ro\/ro\/wp-json\/wp\/v2\/comments?post=2391"}],"version-history":[{"count":23,"href":"https:\/\/dentalspectrum.ro\/ro\/wp-json\/wp\/v2\/pages\/2391\/revisions"}],"predecessor-version":[{"id":3041,"href":"https:\/\/dentalspectrum.ro\/ro\/wp-json\/wp\/v2\/pages\/2391\/revisions\/3041"}],"wp:attachment":[{"href":"https:\/\/dentalspectrum.ro\/ro\/wp-json\/wp\/v2\/media?parent=2391"}],"curies":[{"name":"wp","href":"https:\/\/api.w.org\/{rel}","templated":true}]}}