{"id":1956,"date":"2017-05-18T07:32:47","date_gmt":"2017-05-18T07:32:47","guid":{"rendered":"http:\/\/dentalia.orionthemes.com\/new-demos\/demo-1\/?page_id=1956"},"modified":"2023-06-15T12:40:58","modified_gmt":"2023-06-15T12:40:58","slug":"team-members","status":"publish","type":"page","link":"https:\/\/dentalspectrum.ro\/ro\/team-members\/","title":{"rendered":"Team members"},"content":{"rendered":"<div id=\"pl-1956\"  class=\"panel-layout\" ><div id=\"pg-1956-0\"  class=\"panel-grid panel-has-style\" ><div class=\"siteorigin-panels-stretch divider-no-animation tablet-default mobile-1-in-row desktop-default panel-row-style panel-row-style-for-1956-0\" data-stretch-type=\"full\" data-svg-bottom-color=\"#ffffff\" ><div id=\"pgc-1956-0-0\"  class=\"panel-grid-cell\" ><div id=\"panel-1956-0-0-0\" class=\"so-panel widget widget_orion_heading_w panel-first-child\" data-index=\"0\" ><div class=\"orion default panel-widget-style panel-widget-style-for-1956-0-0-0\" ><div\n\t\t\t\n\t\t\tclass=\"so-widget-orion_heading_w so-widget-orion_heading_w-base\"\n\t\t\t\n\t\t> \r\n\t\t\t<div class=\"row orion-heading\" style=\"margin-bottom:0px;\">\r\n\t\t<div class=\"col-md-12   text-center style-h2 style-text-dark\">\r\n\t\t\t<h2 class=\"text-dark\">\r\n\t\t\t\tStomatologi premia\u021bi\t\t\t<\/h2>\r\n\t\t<\/div>\r\n\t<\/div>\r\n\r\n\t<\/div><\/div><\/div><div id=\"panel-1956-0-0-1\" class=\"so-panel widget widget_sow-editor\" data-index=\"1\" ><div class=\"orion custom default panel-widget-style panel-widget-style-for-1956-0-0-1\" ><div\n\t\t\t\n\t\t\tclass=\"so-widget-sow-editor so-widget-sow-editor-base\"\n\t\t\t\n\t\t>\n<div class=\"siteorigin-widget-tinymce textwidget\">\n\t<p class=\"lead\" style=\"text-align: center;\">Profesioni\u015fti stomatologici exper\u0163i care ofer\u0103 \u00eengrijiri excep\u0163ionale, utiliz\u00e2nd tehnici \u015fi tehnologie avansat\u0103 pentru a asigura o s\u0103n\u0103tate oral\u0103 optim\u0103 pentru pacien\u0163ii no\u015ftri.<\/p>\n<\/div>\n<\/div><\/div><\/div><div id=\"panel-1956-0-0-2\" class=\"so-panel widget widget_orion_team_w panel-last-child\" data-index=\"2\" ><div class=\"orion custom default panel-widget-style panel-widget-style-for-1956-0-0-2\" ><div\n\t\t\t\n\t\t\tclass=\"so-widget-orion_team_w so-widget-orion_team_w-base\"\n\t\t\t\n\t\t><div class=\"row team-members grid text-dark\">\r\n\r\n<div class=\"wrapper\">\r\n\r\n\t\r\n\t\t\t\t\t\t\t<article class=\"item col-md-6 col-sm-6\">\r\n\t\t\t<div class=\"wrap\" style=\"background-color: transparent\">\r\n\t\t\t\t<header class=\"entry-header\" >\r\n\t\t\t\t\t\t\t\t\t\t\t\t\t\t\t\t<a href=\"https:\/\/dentalspectrum.ro\/ro\/team-member\/mihnea-cojocaru\/\" class=\"image-wrap overlay-greyscale overlay-hover-white scale-zoomout orion_circle rounded\">\r\n\t\t\t\t\t\t\t\t\t\t\t\t\t\t<div class=\"circle-wrap\">\r\n\t\t\t\t\t\t\t\t\t\t\t\t\t\t\t<img loading=\"lazy\" decoding=\"async\" width=\"750\" height=\"750\" src=\"https:\/\/dentalspectrum.ro\/wp-content\/uploads\/2016\/10\/Anonym-750x750.jpeg\" class=\"attachment-orion_square size-orion_square wp-post-image\" alt=\"\" \/>\t\t\t\t\t\t\t\t<div class=\"overlay\"><\/div>\r\n\t\t\t\t\t\t\t\t\t\t\t\t\t\t<\/div>\r\n\t\t\t\t\t\t\t\t\t\t\t\t\t<\/a>\r\n\t\t\t\t\t\t\t\t\t\t\t\r\n\t\t\t\t<\/header>\t\r\n\t\t\t<div class=\"entry-content vcard text-dark no_bg_color no_border\">\r\n\t\t\t\t<div class=\"basic-info\">\r\n\t\t\t\t\t \r\n\t\t\t\t\t\t<div class=\"departments\">\t\r\n\t\t\t\t\t\t\t \r\n\t\t\t\t\t\t        \t\t\t\t\t\t        \t\t\t\t\t\t\t\t\t\t\r\n\t\t\t\t\t\t\t\t<a class=\"font-3 small category primary-hover primary-color\" href=\"https:\/\/dentalspectrum.ro\/ro\/department\/dentist\/\">Dentist<\/a>\r\n\t\t\t\t\t\t        \t\t\t\t\t\t\t\t\t\t\t\t    <\/div>\t\r\n\t\t\t\t    \r\n\t\t\t\t    \t\t\t\t\t\t<a title=\"Dr. Cojocaru Mihnea\" class=\"primary-hover\" href=\"https:\/\/dentalspectrum.ro\/ro\/team-member\/mihnea-cojocaru\/\"> <h2 class=\"item-title h5 text-dark\"> Dr. Cojocaru Mihnea<\/h2>\r\n\t\t\t\t\t\t<\/a>\r\n\t\t\t\t\t\t\t\t\t\r\n\t\t\t\t\t\t\t\t\t\t\t\t\t\t\t\t<div class=\"additional-title small\">\r\n\t\t\t\t\t\t\tEsthetic dentistry, Prosthetics, Parodontology\t\t\t\t\t\t<\/div>\r\n\t\t\t\t\t\r\n\t\t\t\t\t\t\t\t\t<\/div> \r\n\r\n\t\t\t\t\t\r\n\t\t\t<\/div>\r\n\t\t<\/div>\r\n\t\t<\/article>\r\n\t\t\t\t\t\t\t<article class=\"item col-md-6 col-sm-6\">\r\n\t\t\t<div class=\"wrap\" style=\"background-color: transparent\">\r\n\t\t\t\t<header class=\"entry-header\" >\r\n\t\t\t\t\t\t\t\t\t\t\t\t\t\t\t\t<a href=\"https:\/\/dentalspectrum.ro\/ro\/team-member\/casiana-cojocaru\/\" class=\"image-wrap overlay-greyscale overlay-hover-white scale-zoomout orion_circle rounded\">\r\n\t\t\t\t\t\t\t\t\t\t\t\t\t\t<div class=\"circle-wrap\">\r\n\t\t\t\t\t\t\t\t\t\t\t\t\t\t\t<img loading=\"lazy\" decoding=\"async\" width=\"750\" height=\"750\" src=\"https:\/\/dentalspectrum.ro\/wp-content\/uploads\/2016\/10\/Anonym-750x750.jpeg\" class=\"attachment-orion_square size-orion_square wp-post-image\" alt=\"\" \/>\t\t\t\t\t\t\t\t<div class=\"overlay\"><\/div>\r\n\t\t\t\t\t\t\t\t\t\t\t\t\t\t<\/div>\r\n\t\t\t\t\t\t\t\t\t\t\t\t\t<\/a>\r\n\t\t\t\t\t\t\t\t\t\t\t\r\n\t\t\t\t<\/header>\t\r\n\t\t\t<div class=\"entry-content vcard text-dark no_bg_color no_border\">\r\n\t\t\t\t<div class=\"basic-info\">\r\n\t\t\t\t\t \r\n\t\t\t\t\t\t<div class=\"departments\">\t\r\n\t\t\t\t\t\t\t \r\n\t\t\t\t\t\t        \t\t\t\t\t\t        \t\t\t\t\t\t\t\t\t\t\r\n\t\t\t\t\t\t\t\t<a class=\"font-3 small category primary-hover primary-color\" href=\"https:\/\/dentalspectrum.ro\/ro\/department\/dentist\/\">Dentist<\/a>\r\n\t\t\t\t\t\t        \t\t\t\t\t\t\t\t\t\t\t\t    <\/div>\t\r\n\t\t\t\t    \r\n\t\t\t\t    \t\t\t\t\t\t<a title=\"Dr. Cojocaru Casiana\" class=\"primary-hover\" href=\"https:\/\/dentalspectrum.ro\/ro\/team-member\/casiana-cojocaru\/\"> <h2 class=\"item-title h5 text-dark\"> Dr. Cojocaru Casiana<\/h2>\r\n\t\t\t\t\t\t<\/a>\r\n\t\t\t\t\t\t\t\t\t\r\n\t\t\t\t\t\t\t\t\t\t\t\t\t\t\t\t<div class=\"additional-title small\">\r\n\t\t\t\t\t\t\tEsthetic dentistry, Prosthetics, Parodontology\t\t\t\t\t\t<\/div>\r\n\t\t\t\t\t\r\n\t\t\t\t\t\t\t\t\t<\/div> \r\n\r\n\t\t\t\t\t\r\n\t\t\t<\/div>\r\n\t\t<\/div>\r\n\t\t<\/article>\r\n\t\r\n\t\t\r\n\t<\/div>\r\n<\/div>\t\r\n<\/div><\/div><\/div><\/div><\/div><\/div><\/div>","protected":false},"excerpt":{"rendered":"<p>Profesioni\u015fti stomatologici exper\u0163i care ofer\u0103 \u00eengrijiri excep\u0163ionale, utiliz\u00e2nd tehnici \u015fi tehnologie avansat\u0103 pentru a asigura o s\u0103n\u0103tate oral\u0103 optim\u0103 pentru pacien\u0163ii no\u015ftri.<\/p>","protected":false},"author":1,"featured_media":0,"parent":0,"menu_order":0,"comment_status":"closed","ping_status":"closed","template":"","meta":{"footnotes":""},"class_list":["post-1956","page","type-page","status-publish","hentry"],"_links":{"self":[{"href":"https:\/\/dentalspectrum.ro\/ro\/wp-json\/wp\/v2\/pages\/1956","targetHints":{"allow":["GET"]}}],"collection":[{"href":"https:\/\/dentalspectrum.ro\/ro\/wp-json\/wp\/v2\/pages"}],"about":[{"href":"https:\/\/dentalspectrum.ro\/ro\/wp-json\/wp\/v2\/types\/page"}],"author":[{"embeddable":true,"href":"https:\/\/dentalspectrum.ro\/ro\/wp-json\/wp\/v2\/users\/1"}],"replies":[{"embeddable":true,"href":"https:\/\/dentalspectrum.ro\/ro\/wp-json\/wp\/v2\/comments?post=1956"}],"version-history":[{"count":15,"href":"https:\/\/dentalspectrum.ro\/ro\/wp-json\/wp\/v2\/pages\/1956\/revisions"}],"predecessor-version":[{"id":2944,"href":"https:\/\/dentalspectrum.ro\/ro\/wp-json\/wp\/v2\/pages\/1956\/revisions\/2944"}],"wp:attachment":[{"href":"https:\/\/dentalspectrum.ro\/ro\/wp-json\/wp\/v2\/media?parent=1956"}],"curies":[{"name":"wp","href":"https:\/\/api.w.org\/{rel}","templated":true}]}}